{"id":4090,"date":"2023-12-06T14:15:26","date_gmt":"2023-12-06T18:15:26","guid":{"rendered":"https:\/\/www.hevi.com.br\/?page_id=4090"},"modified":"2024-10-31T10:59:57","modified_gmt":"2024-10-31T14:59:57","slug":"aviso-de-privacidade-2","status":"publish","type":"page","link":"https:\/\/www.hevi.com.br\/index.php\/aviso-de-privacidade-2\/","title":{"rendered":"Aviso de Privacidade"},"content":{"rendered":"<p>[vc_row][vc_column][vc_column_text]<\/p>\n<h3>Origem dos dados:<\/h3>\n<p>N\u00f3s coletamos seus Dados Pessoais atrav\u00e9s das seguintes fontes:<\/p>\n<ul>\n<li>Site da Hevi: Todos os nossos sites podem ser utilizados para coleta de dados pessoais. Isso inclui tanto site que operamos diretamente atrav\u00e9s dos nossos dom\u00ednios e endere\u00e7os IPs, quanto sites ou p\u00e1ginas que N\u00f3s estabelecemos em servi\u00e7os de terceiros, como Instagram, Linkedin, e demais terceiros que ofertam esse tipo de servi\u00e7o.<\/li>\n<\/ul>\n<ul>\n<li>Correio Eletr\u00f4nico e sistemas de troca de mensagens instant\u00e2neas: Servi\u00e7os utilizados para manter comunica\u00e7\u00f5es eletr\u00f4nicas entre Voc\u00ea e a Hevi, incluindo aqueles disponibilizados diretamente por n\u00f3s, ou servi\u00e7os de terceiros como WhatsApp, Telegram, SMS (servi\u00e7o de mensagens curtas) e similares.<\/li>\n<\/ul>\n<ul>\n<li>An\u00fancios, propagandas e formul\u00e1rios online: Intera\u00e7\u00f5es com qualquer tipo de an\u00fancios, propagandas e formul\u00e1rios online da Hevi.<\/li>\n<li>Registros offline: Registros preenchidos offline, distribu\u00eddos durante eventos e outras intera\u00e7\u00f5es.<\/li>\n<li>Dados recebidos de terceiros: Incluindo, mas n\u00e3o limitado a, redes sociais e sites de terceiros como, por exemplo, Facebook, Instagram, Linkedin, e similares, servi\u00e7os de agregadores de dados e fontes p\u00fablicas.<\/li>\n<\/ul>\n<p>[\/vc_column_text][\/vc_column][\/vc_row]<\/p>\n","protected":false},"excerpt":{"rendered":"<p>[vc_row][vc_column][vc_column_text] Origem dos dados: N\u00f3s coletamos seus Dados Pessoais atrav\u00e9s das seguintes fontes: Site da Hevi: Todos os nossos sites podem ser utilizados para coleta de dados pessoais. Isso inclui tanto site que operamos diretamente atrav\u00e9s dos nossos dom\u00ednios e endere\u00e7os IPs, quanto sites ou p\u00e1ginas que N\u00f3s estabelecemos em servi\u00e7os de terceiros, como Instagram, [&hellip;]<\/p>\n","protected":false},"author":2,"featured_media":0,"parent":0,"menu_order":0,"comment_status":"closed","ping_status":"closed","template":"","meta":{"footnotes":""},"class_list":["post-4090","page","type-page","status-publish","hentry"],"_links":{"self":[{"href":"https:\/\/www.hevi.com.br\/index.php\/wp-json\/wp\/v2\/pages\/4090","targetHints":{"allow":["GET"]}}],"collection":[{"href":"https:\/\/www.hevi.com.br\/index.php\/wp-json\/wp\/v2\/pages"}],"about":[{"href":"https:\/\/www.hevi.com.br\/index.php\/wp-json\/wp\/v2\/types\/page"}],"author":[{"embeddable":true,"href":"https:\/\/www.hevi.com.br\/index.php\/wp-json\/wp\/v2\/users\/2"}],"replies":[{"embeddable":true,"href":"https:\/\/www.hevi.com.br\/index.php\/wp-json\/wp\/v2\/comments?post=4090"}],"version-history":[{"count":4,"href":"https:\/\/www.hevi.com.br\/index.php\/wp-json\/wp\/v2\/pages\/4090\/revisions"}],"predecessor-version":[{"id":4320,"href":"https:\/\/www.hevi.com.br\/index.php\/wp-json\/wp\/v2\/pages\/4090\/revisions\/4320"}],"wp:attachment":[{"href":"https:\/\/www.hevi.com.br\/index.php\/wp-json\/wp\/v2\/media?parent=4090"}],"curies":[{"name":"wp","href":"https:\/\/api.w.org\/{rel}","templated":true}]}}