{"id":5336,"date":"2026-03-03T10:50:05","date_gmt":"2026-03-03T14:50:05","guid":{"rendered":"https:\/\/www.hevi.com.br\/?page_id=5336"},"modified":"2026-03-03T12:29:29","modified_gmt":"2026-03-03T16:29:29","slug":"canal-de-denuncia","status":"publish","type":"page","link":"https:\/\/www.hevi.com.br\/index.php\/canal-de-denuncia\/","title":{"rendered":"Canal de Den\u00fancia"},"content":{"rendered":"\n<figure class=\"wp-block-gallery has-nested-images columns-default is-cropped wp-block-gallery-1 is-layout-flex wp-block-gallery-is-layout-flex\">\n<figure class=\"wp-block-image size-large\"><img loading=\"lazy\" decoding=\"async\" width=\"1024\" height=\"682\" data-id=\"5329\" src=\"https:\/\/www.hevi.com.br\/wp-content\/uploads\/2026\/03\/denun1-1024x682.jpg\" alt=\"\" class=\"wp-image-5329\" srcset=\"https:\/\/www.hevi.com.br\/wp-content\/uploads\/2026\/03\/denun1-1024x682.jpg 1024w, https:\/\/www.hevi.com.br\/wp-content\/uploads\/2026\/03\/denun1-300x200.jpg 300w\" sizes=\"auto, (max-width: 1024px) 100vw, 1024px\" \/><\/figure>\n\n\n\n<figure class=\"wp-block-image size-large is-style-default\"><img loading=\"lazy\" decoding=\"async\" width=\"1024\" height=\"718\" data-id=\"5330\" src=\"https:\/\/www.hevi.com.br\/wp-content\/uploads\/2026\/03\/denun2-1024x718.jpg\" alt=\"\" class=\"wp-image-5330\" srcset=\"https:\/\/www.hevi.com.br\/wp-content\/uploads\/2026\/03\/denun2-1024x718.jpg 1024w, https:\/\/www.hevi.com.br\/wp-content\/uploads\/2026\/03\/denun2-300x210.jpg 300w\" sizes=\"auto, (max-width: 1024px) 100vw, 1024px\" \/><\/figure>\n<\/figure>\n\n\n\n<div class=\"wp-block-group\"><div class=\"wp-block-group__inner-container is-layout-flow wp-block-group-is-layout-flow\">\n<p>Prezados(as),<\/p>\n\n\n\n<p><em>Este \u00e9 o Canal de Comunica\u00e7\u00e3o oficial da <strong>HEVI<\/strong> que trata exclusivamente de Denuncia(s) sobre o descumprimento das normativas internas da empresa. Trata-se de uma ferramenta de controle e um mecanismo de Governan\u00e7a Corporativa, em que o(s) registro(s) ser\u00e1 tratado com sigilo, confidencialidade pelo Comit\u00ea de Compliance, preservando o anonimato durante a apura\u00e7\u00e3o dos fatos<\/em>.<\/p>\n<\/div><\/div>\n\n\n\n<div class=\"wp-block-buttons alignwide is-content-justification-center is-layout-flex wp-container-core-buttons-is-layout-16018d1d wp-block-buttons-is-layout-flex\">\n<div class=\"wp-block-button is-style-fill\"><a class=\"wp-block-button__link has-vivid-red-background-color has-background wp-element-button\" href=\"https:\/\/forms.gle\/TEaLC3QR3uYF6SecA\">Formul\u00e1rio de Den\u00fancia<\/a><\/div>\n<\/div>\n","protected":false},"excerpt":{"rendered":"<p>Prezados(as), Este \u00e9 o Canal de Comunica\u00e7\u00e3o oficial da HEVI que trata exclusivamente de Denuncia(s) sobre o descumprimento das normativas internas da empresa. Trata-se de uma ferramenta de controle e um mecanismo de Governan\u00e7a Corporativa, em que o(s) registro(s) ser\u00e1 tratado com sigilo, confidencialidade pelo Comit\u00ea de Compliance, preservando o anonimato durante a apura\u00e7\u00e3o dos [&hellip;]<\/p>\n","protected":false},"author":2,"featured_media":0,"parent":0,"menu_order":0,"comment_status":"closed","ping_status":"closed","template":"","meta":{"footnotes":""},"class_list":["post-5336","page","type-page","status-publish","hentry"],"_links":{"self":[{"href":"https:\/\/www.hevi.com.br\/index.php\/wp-json\/wp\/v2\/pages\/5336","targetHints":{"allow":["GET"]}}],"collection":[{"href":"https:\/\/www.hevi.com.br\/index.php\/wp-json\/wp\/v2\/pages"}],"about":[{"href":"https:\/\/www.hevi.com.br\/index.php\/wp-json\/wp\/v2\/types\/page"}],"author":[{"embeddable":true,"href":"https:\/\/www.hevi.com.br\/index.php\/wp-json\/wp\/v2\/users\/2"}],"replies":[{"embeddable":true,"href":"https:\/\/www.hevi.com.br\/index.php\/wp-json\/wp\/v2\/comments?post=5336"}],"version-history":[{"count":7,"href":"https:\/\/www.hevi.com.br\/index.php\/wp-json\/wp\/v2\/pages\/5336\/revisions"}],"predecessor-version":[{"id":5344,"href":"https:\/\/www.hevi.com.br\/index.php\/wp-json\/wp\/v2\/pages\/5336\/revisions\/5344"}],"wp:attachment":[{"href":"https:\/\/www.hevi.com.br\/index.php\/wp-json\/wp\/v2\/media?parent=5336"}],"curies":[{"name":"wp","href":"https:\/\/api.w.org\/{rel}","templated":true}]}}